{"id":7,"date":"2023-09-19T22:17:42","date_gmt":"2023-09-19T20:17:42","guid":{"rendered":"https:\/\/www.sapinsnoelsaissac.fr\/?page_id=7"},"modified":"2025-09-09T17:47:06","modified_gmt":"2025-09-09T15:47:06","slug":"about","status":"publish","type":"page","link":"https:\/\/www.sapinsnoelsaissac.fr\/?page_id=7","title":{"rendered":"Tarifs 2025"},"content":{"rendered":"\n<p>Ces tarifs sont pour mairies, grossistes, APE, collectivit\u00e9s<\/p>\n\n\n\n<figure class=\"wp-block-table\"><table><tbody><tr><td><strong>Taille en m\u00e8tre<\/strong><\/td><td><strong>Prix \u00e0 l&#8217;unit\u00e9 HT<\/strong><\/td><td><strong>Prix \u00e0 l&#8217;unit\u00e9 TTC<\/strong><\/td><\/tr><tr><td> 1,50<\/td><td>8,80 \u20ac<\/td><td><strong>9,68 \u20ac<\/strong><\/td><\/tr><tr><td> 1,70<\/td><td>11,00 \u20ac<\/td><td><strong>12,10 \u20ac <\/strong><\/td><\/tr><tr><td> 2,00<\/td><td>13,10 \u20ac<\/td><td><strong>14,41 \u20ac<\/strong><\/td><\/tr><tr><td> 2,30<\/td><td>17,00 \u20ac<\/td><td><strong>18,70 \u20ac<\/strong><\/td><\/tr><tr><td> 2,60<\/td><td>22,70 \u20ac<\/td><td><strong>24,97 \u20ac<\/strong><\/td><\/tr><tr><td> 3,00<\/td><td>31,00 \u20ac<\/td><td><strong>34,10 \u20ac<\/strong><\/td><\/tr><tr><td> 3,50<\/td><td>39,30 \u20ac<\/td><td><strong>43,23 \u20ac<\/strong><\/td><\/tr><tr><td> 4,00<\/td><td>47,60 \u20ac<\/td><td><strong>52,36 \u20ac<\/strong><\/td><\/tr><tr><td> 4,50<\/td><td>56,00 \u20ac<\/td><td><strong>61,60 \u20ac<\/strong><\/td><\/tr><\/tbody><\/table><\/figure>\n\n\n\n<p><strong>Tarifs pour les particuliers : contacter le producteur<\/strong> <strong>via le formulaire de contact, par mail ou t\u00e9l\u00e9phone<\/strong><\/p>\n\n\n\n<p>Sapins coup\u00e9s la veille du chargement (sapins frais) <br>Prix d\u00e9part sur site, sapins pr\u00eats \u00e0 charger, bord de route empierr\u00e9e<br>Pas de socle, pas de filet fournis<br>Branches de sapins offertes<\/p>\n\n\n\n<p class=\"has-large-font-size\"><\/p>\n","protected":false},"excerpt":{"rendered":"<p>Ces tarifs sont pour mairies, grossistes, APE, collectivit\u00e9s Taille en m\u00e8tre Prix \u00e0 l&#8217;unit\u00e9 HT Prix \u00e0 l&#8217;unit\u00e9 TTC 1,50 8,80 \u20ac 9,68 \u20ac 1,70 11,00 \u20ac 12,10 \u20ac 2,00 13,10 \u20ac 14,41 \u20ac 2,30 17,00 \u20ac 18,70 \u20ac 2,60 22,70 \u20ac 24,97 \u20ac 3,00 31,00 \u20ac 34,10 \u20ac 3,50 39,30 \u20ac 43,23 \u20ac 4,00 &hellip; <\/p>\n<p class=\"link-more\"><a href=\"https:\/\/www.sapinsnoelsaissac.fr\/?page_id=7\" class=\"more-link\">Read more<span class=\"screen-reader-text\"> &#8220;Tarifs 2025&#8221;<\/span><\/a><\/p>\n","protected":false},"author":1,"featured_media":0,"parent":0,"menu_order":0,"comment_status":"closed","ping_status":"closed","template":"","meta":{"footnotes":""},"class_list":["post-7","page","type-page","status-publish","hentry"],"yoast_head":"<!-- This site is optimized with the Yoast SEO plugin v21.2 - https:\/\/yoast.com\/wordpress\/plugins\/seo\/ -->\n<title>Tarifs 2025 - Les sapins de No\u00ebl d&#039;En Salby<\/title>\n<meta name=\"robots\" content=\"index, follow, max-snippet:-1, max-image-preview:large, max-video-preview:-1\" \/>\n<link rel=\"canonical\" href=\"https:\/\/www.sapinsnoelsaissac.fr\/?page_id=7\" \/>\n<meta property=\"og:locale\" content=\"en_US\" \/>\n<meta property=\"og:type\" content=\"article\" \/>\n<meta property=\"og:title\" content=\"Tarifs 2025 - Les sapins de No\u00ebl d&#039;En Salby\" \/>\n<meta property=\"og:description\" content=\"Ces tarifs sont pour mairies, grossistes, APE, collectivit\u00e9s Taille en m\u00e8tre Prix \u00e0 l&#8217;unit\u00e9 HT Prix \u00e0 l&#8217;unit\u00e9 TTC 1,50 8,80 \u20ac 9,68 \u20ac 1,70 11,00 \u20ac 12,10 \u20ac 2,00 13,10 \u20ac 14,41 \u20ac 2,30 17,00 \u20ac 18,70 \u20ac 2,60 22,70 \u20ac 24,97 \u20ac 3,00 31,00 \u20ac 34,10 \u20ac 3,50 39,30 \u20ac 43,23 \u20ac 4,00 &hellip; Read more &quot;Tarifs 2025&quot;\" \/>\n<meta property=\"og:url\" content=\"https:\/\/www.sapinsnoelsaissac.fr\/?page_id=7\" \/>\n<meta property=\"og:site_name\" content=\"Les sapins de No\u00ebl d&#039;En Salby\" \/>\n<meta property=\"article:modified_time\" content=\"2025-09-09T15:47:06+00:00\" \/>\n<meta name=\"twitter:card\" content=\"summary_large_image\" \/>\n<meta name=\"twitter:label1\" content=\"Est. reading time\" \/>\n\t<meta name=\"twitter:data1\" content=\"1 minute\" \/>\n<script type=\"application\/ld+json\" class=\"yoast-schema-graph\">{\"@context\":\"https:\/\/schema.org\",\"@graph\":[{\"@type\":\"WebPage\",\"@id\":\"https:\/\/www.sapinsnoelsaissac.fr\/?page_id=7\",\"url\":\"https:\/\/www.sapinsnoelsaissac.fr\/?page_id=7\",\"name\":\"Tarifs 2025 - Les sapins de No\u00ebl d&#039;En Salby\",\"isPartOf\":{\"@id\":\"https:\/\/www.sapinsnoelsaissac.fr\/#website\"},\"datePublished\":\"2023-09-19T20:17:42+00:00\",\"dateModified\":\"2025-09-09T15:47:06+00:00\",\"breadcrumb\":{\"@id\":\"https:\/\/www.sapinsnoelsaissac.fr\/?page_id=7#breadcrumb\"},\"inLanguage\":\"en-US\",\"potentialAction\":[{\"@type\":\"ReadAction\",\"target\":[\"https:\/\/www.sapinsnoelsaissac.fr\/?page_id=7\"]}]},{\"@type\":\"BreadcrumbList\",\"@id\":\"https:\/\/www.sapinsnoelsaissac.fr\/?page_id=7#breadcrumb\",\"itemListElement\":[{\"@type\":\"ListItem\",\"position\":1,\"name\":\"Accueil\",\"item\":\"https:\/\/www.sapinsnoelsaissac.fr\/\"},{\"@type\":\"ListItem\",\"position\":2,\"name\":\"Tarifs 2025\"}]},{\"@type\":\"WebSite\",\"@id\":\"https:\/\/www.sapinsnoelsaissac.fr\/#website\",\"url\":\"https:\/\/www.sapinsnoelsaissac.fr\/\",\"name\":\"Les sapins de No\u00ebl d&#039;En Salby\",\"description\":\"Sapins de No\u00ebl Nordmann bio\",\"potentialAction\":[{\"@type\":\"SearchAction\",\"target\":{\"@type\":\"EntryPoint\",\"urlTemplate\":\"https:\/\/www.sapinsnoelsaissac.fr\/?s={search_term_string}\"},\"query-input\":\"required name=search_term_string\"}],\"inLanguage\":\"en-US\"}]}<\/script>\n<!-- \/ Yoast SEO plugin. -->","yoast_head_json":{"title":"Tarifs 2025 - Les sapins de No\u00ebl d&#039;En Salby","robots":{"index":"index","follow":"follow","max-snippet":"max-snippet:-1","max-image-preview":"max-image-preview:large","max-video-preview":"max-video-preview:-1"},"canonical":"https:\/\/www.sapinsnoelsaissac.fr\/?page_id=7","og_locale":"en_US","og_type":"article","og_title":"Tarifs 2025 - Les sapins de No\u00ebl d&#039;En Salby","og_description":"Ces tarifs sont pour mairies, grossistes, APE, collectivit\u00e9s Taille en m\u00e8tre Prix \u00e0 l&#8217;unit\u00e9 HT Prix \u00e0 l&#8217;unit\u00e9 TTC 1,50 8,80 \u20ac 9,68 \u20ac 1,70 11,00 \u20ac 12,10 \u20ac 2,00 13,10 \u20ac 14,41 \u20ac 2,30 17,00 \u20ac 18,70 \u20ac 2,60 22,70 \u20ac 24,97 \u20ac 3,00 31,00 \u20ac 34,10 \u20ac 3,50 39,30 \u20ac 43,23 \u20ac 4,00 &hellip; Read more \"Tarifs 2025\"","og_url":"https:\/\/www.sapinsnoelsaissac.fr\/?page_id=7","og_site_name":"Les sapins de No\u00ebl d&#039;En Salby","article_modified_time":"2025-09-09T15:47:06+00:00","twitter_card":"summary_large_image","twitter_misc":{"Est. reading time":"1 minute"},"schema":{"@context":"https:\/\/schema.org","@graph":[{"@type":"WebPage","@id":"https:\/\/www.sapinsnoelsaissac.fr\/?page_id=7","url":"https:\/\/www.sapinsnoelsaissac.fr\/?page_id=7","name":"Tarifs 2025 - Les sapins de No\u00ebl d&#039;En Salby","isPartOf":{"@id":"https:\/\/www.sapinsnoelsaissac.fr\/#website"},"datePublished":"2023-09-19T20:17:42+00:00","dateModified":"2025-09-09T15:47:06+00:00","breadcrumb":{"@id":"https:\/\/www.sapinsnoelsaissac.fr\/?page_id=7#breadcrumb"},"inLanguage":"en-US","potentialAction":[{"@type":"ReadAction","target":["https:\/\/www.sapinsnoelsaissac.fr\/?page_id=7"]}]},{"@type":"BreadcrumbList","@id":"https:\/\/www.sapinsnoelsaissac.fr\/?page_id=7#breadcrumb","itemListElement":[{"@type":"ListItem","position":1,"name":"Accueil","item":"https:\/\/www.sapinsnoelsaissac.fr\/"},{"@type":"ListItem","position":2,"name":"Tarifs 2025"}]},{"@type":"WebSite","@id":"https:\/\/www.sapinsnoelsaissac.fr\/#website","url":"https:\/\/www.sapinsnoelsaissac.fr\/","name":"Les sapins de No\u00ebl d&#039;En Salby","description":"Sapins de No\u00ebl Nordmann bio","potentialAction":[{"@type":"SearchAction","target":{"@type":"EntryPoint","urlTemplate":"https:\/\/www.sapinsnoelsaissac.fr\/?s={search_term_string}"},"query-input":"required name=search_term_string"}],"inLanguage":"en-US"}]}},"_links":{"self":[{"href":"https:\/\/www.sapinsnoelsaissac.fr\/index.php?rest_route=\/wp\/v2\/pages\/7","targetHints":{"allow":["GET"]}}],"collection":[{"href":"https:\/\/www.sapinsnoelsaissac.fr\/index.php?rest_route=\/wp\/v2\/pages"}],"about":[{"href":"https:\/\/www.sapinsnoelsaissac.fr\/index.php?rest_route=\/wp\/v2\/types\/page"}],"author":[{"embeddable":true,"href":"https:\/\/www.sapinsnoelsaissac.fr\/index.php?rest_route=\/wp\/v2\/users\/1"}],"replies":[{"embeddable":true,"href":"https:\/\/www.sapinsnoelsaissac.fr\/index.php?rest_route=%2Fwp%2Fv2%2Fcomments&post=7"}],"version-history":[{"count":15,"href":"https:\/\/www.sapinsnoelsaissac.fr\/index.php?rest_route=\/wp\/v2\/pages\/7\/revisions"}],"predecessor-version":[{"id":88,"href":"https:\/\/www.sapinsnoelsaissac.fr\/index.php?rest_route=\/wp\/v2\/pages\/7\/revisions\/88"}],"wp:attachment":[{"href":"https:\/\/www.sapinsnoelsaissac.fr\/index.php?rest_route=%2Fwp%2Fv2%2Fmedia&parent=7"}],"curies":[{"name":"wp","href":"https:\/\/api.w.org\/{rel}","templated":true}]}}