{"id":6,"date":"2023-09-19T22:17:42","date_gmt":"2023-09-19T20:17:42","guid":{"rendered":"https:\/\/www.sapinsnoelsaissac.fr\/?page_id=6"},"modified":"2025-09-09T17:41:21","modified_gmt":"2025-09-09T15:41:21","slug":"beaux-portfolios-pour-des-creatifs-exceptionnels","status":"publish","type":"page","link":"https:\/\/www.sapinsnoelsaissac.fr\/","title":{"rendered":"Sapins de No\u00ebl Nordmann \u00e0 Saissac (11310)"},"content":{"rendered":"\n<p class=\"has-text-align-center\">Sapins de No\u00ebl Nordmann sur la commune de Saissac (11310) au lieu dit &#8220;En Salby&#8221;<\/p>\n\n\n\n<div style=\"height:55px\" aria-hidden=\"true\" class=\"wp-block-spacer\"><\/div>\n\n\n\n<div class=\"wp-block-group alignfull has-background\" style=\"background-color:#e5e9ec\"><div class=\"wp-block-group__inner-container is-layout-flow wp-block-group-is-layout-flow\">\n<div class=\"wp-block-columns is-layout-flex wp-container-core-columns-is-layout-9d6595d7 wp-block-columns-is-layout-flex\">\n<div class=\"wp-block-column is-vertically-aligned-center is-layout-flow wp-block-column-is-layout-flow\">\n<h2 class=\"wp-block-heading\">Sapins Nordmann<\/h2>\n\n\n\n<p>Pas de d\u00e9sherbant, d\u00e9gagements manuels \u00e0 la d\u00e9broussailleuse<\/p>\n\n\n\n<p><\/p>\n\n\n\n<p><\/p>\n<\/div>\n\n\n\n<div class=\"wp-block-column is-layout-flow wp-block-column-is-layout-flow\">\n<div style=\"height:48px\" aria-hidden=\"true\" class=\"wp-block-spacer\"><\/div>\n\n\n\n<figure class=\"wp-block-image size-large is-resized\"><img loading=\"lazy\" decoding=\"async\" width=\"768\" height=\"1024\" src=\"http:\/\/www.sapinsnoelsaissac.fr\/wp-content\/uploads\/2023\/09\/IMG_1201-768x1024.jpg\" alt=\"\" class=\"wp-image-67\" style=\"width:318px;height:424px\" srcset=\"https:\/\/www.sapinsnoelsaissac.fr\/wp-content\/uploads\/2023\/09\/IMG_1201-768x1024.jpg 768w, https:\/\/www.sapinsnoelsaissac.fr\/wp-content\/uploads\/2023\/09\/IMG_1201-225x300.jpg 225w, https:\/\/www.sapinsnoelsaissac.fr\/wp-content\/uploads\/2023\/09\/IMG_1201-1152x1536.jpg 1152w, https:\/\/www.sapinsnoelsaissac.fr\/wp-content\/uploads\/2023\/09\/IMG_1201-1536x2048.jpg 1536w, https:\/\/www.sapinsnoelsaissac.fr\/wp-content\/uploads\/2023\/09\/IMG_1201-2000x2667.jpg 2000w, https:\/\/www.sapinsnoelsaissac.fr\/wp-content\/uploads\/2023\/09\/IMG_1201-scaled.jpg 1920w\" sizes=\"auto, (max-width: 768px) 100vw, 768px\" \/><\/figure>\n<\/div>\n<\/div>\n<\/div><\/div>\n\n\n\n<div class=\"wp-block-group alignfull\"><div class=\"wp-block-group__inner-container is-layout-flow wp-block-group-is-layout-flow\">\n<div class=\"wp-block-columns are-vertically-aligned-center is-layout-flex wp-container-core-columns-is-layout-9d6595d7 wp-block-columns-is-layout-flex\">\n<div class=\"wp-block-column is-vertically-aligned-center is-layout-flow wp-block-column-is-layout-flow\">\n<figure class=\"wp-block-image size-full is-resized\"><img loading=\"lazy\" decoding=\"async\" width=\"600\" height=\"800\" src=\"https:\/\/www.sapinsnoelsaissac.fr\/wp-content\/uploads\/2023\/09\/IMG_20230916_163407-1.jpg\" alt=\"\" class=\"wp-image-41\" style=\"width:329px;height:439px\" srcset=\"https:\/\/www.sapinsnoelsaissac.fr\/wp-content\/uploads\/2023\/09\/IMG_20230916_163407-1.jpg 600w, https:\/\/www.sapinsnoelsaissac.fr\/wp-content\/uploads\/2023\/09\/IMG_20230916_163407-1-225x300.jpg 225w\" sizes=\"auto, (max-width: 600px) 100vw, 600px\" \/><\/figure>\n<\/div>\n\n\n\n<div class=\"wp-block-column is-vertically-aligned-center is-layout-flow wp-block-column-is-layout-flow\">\n<h2 class=\"wp-block-heading\">Acc\u00e8s \u00e0 l&#8217;exploitation<\/h2>\n\n\n\n<p>L&#8217;acc\u00e8s \u00e0 l&#8217;exploitation est facile pour tout v\u00e9hicule par une route empierr\u00e9e<\/p>\n\n\n\n<div class=\"wp-block-buttons is-layout-flex wp-block-buttons-is-layout-flex\"><\/div>\n<\/div>\n<\/div>\n<\/div><\/div>\n\n\n\n<div class=\"wp-block-group alignfull has-background\" style=\"background-color:#e5e9ec;padding-top:var(--wp--preset--spacing--small);padding-bottom:var(--wp--preset--spacing--small)\"><div class=\"wp-block-group__inner-container is-layout-constrained wp-block-group-is-layout-constrained\">\n<div class=\"wp-block-columns is-layout-flex wp-container-core-columns-is-layout-9d6595d7 wp-block-columns-is-layout-flex\">\n<div class=\"wp-block-column is-vertically-aligned-center is-layout-flow wp-block-column-is-layout-flow\">\n<h2 class=\"wp-block-heading\">Lors de votre venue<\/h2>\n\n\n\n<p>Sapins coup\u00e9s la veille du chargement, les sapins sont frais.<\/p>\n\n\n\n<p>Pas de socle, pas de filet. Branches de sapin offertes<\/p>\n\n\n\n<div class=\"wp-block-buttons is-horizontal is-content-justification-left is-layout-flex wp-container-core-buttons-is-layout-7e5fce0a wp-block-buttons-is-layout-flex\">\n<div class=\"wp-block-button is-style-outline is-style-outline--1\"><a class=\"wp-block-button__link wp-element-button\" href=\"https:\/\/www.sapinsnoelsaissac.fr\/?page_id=7\">Consulter nos tarifs<\/a><\/div>\n<\/div>\n\n\n\n<p><\/p>\n<\/div>\n\n\n\n<div class=\"wp-block-column is-layout-flow wp-block-column-is-layout-flow\">\n<figure class=\"wp-block-image size-large is-resized\"><img loading=\"lazy\" decoding=\"async\" width=\"768\" height=\"1024\" src=\"http:\/\/www.sapinsnoelsaissac.fr\/wp-content\/uploads\/2023\/09\/IMG_1203-768x1024.jpg\" alt=\"\" class=\"wp-image-69\" style=\"width:313px;height:418px\" srcset=\"https:\/\/www.sapinsnoelsaissac.fr\/wp-content\/uploads\/2023\/09\/IMG_1203-768x1024.jpg 768w, https:\/\/www.sapinsnoelsaissac.fr\/wp-content\/uploads\/2023\/09\/IMG_1203-225x300.jpg 225w, https:\/\/www.sapinsnoelsaissac.fr\/wp-content\/uploads\/2023\/09\/IMG_1203-1152x1536.jpg 1152w, https:\/\/www.sapinsnoelsaissac.fr\/wp-content\/uploads\/2023\/09\/IMG_1203-1536x2048.jpg 1536w, https:\/\/www.sapinsnoelsaissac.fr\/wp-content\/uploads\/2023\/09\/IMG_1203-2000x2667.jpg 2000w, https:\/\/www.sapinsnoelsaissac.fr\/wp-content\/uploads\/2023\/09\/IMG_1203-scaled.jpg 1920w\" sizes=\"auto, (max-width: 768px) 100vw, 768px\" \/><\/figure>\n<\/div>\n<\/div>\n<\/div><\/div>\n\n\n\n<div class=\"wp-block-cover alignfull has-parallax is-position-center-center\" style=\"min-height:375px;aspect-ratio:unset;\"><div class=\"wp-block-cover__image-background wp-image-24 has-parallax\" style=\"background-position:50% 50%;background-image:url(https:\/\/www.sapinsnoelsaissac.fr\/wp-content\/themes\/inspiro\/assets\/images\/StockSnap_89BQZ89TLH.jpg)\"><\/div><span aria-hidden=\"true\" class=\"wp-block-cover__background has-black-background-color has-background-dim-40 has-background-dim\"><\/span><div class=\"wp-block-cover__inner-container is-layout-flow wp-block-cover-is-layout-flow\">\n<p class=\"has-text-align-center has-text-color has-huge-font-size\" style=\"color:#fffffa;line-height:1.1\"><strong>Pour toute question<\/strong><\/p>\n\n\n\n<p class=\"has-text-align-center\">Pour toute question, vous pouvez nous contacter via :<\/p>\n\n\n\n<ul class=\"wp-block-list\">\n<li>le formulaire de contact (&#8220;Nous contacter&#8221;, ci-dessous)<\/li>\n\n\n\n<li>Mail : francis.azema11@orange.fr<\/li>\n\n\n\n<li>T\u00e9l\u00e9phone : 06 08 27 28 70<\/li>\n<\/ul>\n\n\n\n<div style=\"height:39px\" aria-hidden=\"true\" class=\"wp-block-spacer\"><\/div>\n\n\n\n<div class=\"wp-block-buttons is-horizontal is-content-justification-center is-layout-flex wp-container-core-buttons-is-layout-499968f5 wp-block-buttons-is-layout-flex\">\n<div class=\"wp-block-button is-style-outline is-style-outline--2\"><a class=\"wp-block-button__link has-white-color has-text-color wp-element-button\" href=\"https:\/\/www.sapinsnoelsaissac.fr\/?page_id=34\">Nous contacter<\/a><\/div>\n<\/div>\n<\/div><\/div>\n","protected":false},"excerpt":{"rendered":"<p>Sapins de No\u00ebl Nordmann sur la commune de Saissac (11310) au lieu dit &#8220;En Salby&#8221; Sapins Nordmann Pas de d\u00e9sherbant, d\u00e9gagements manuels \u00e0 la d\u00e9broussailleuse Acc\u00e8s \u00e0 l&#8217;exploitation L&#8217;acc\u00e8s \u00e0 l&#8217;exploitation est facile pour tout v\u00e9hicule par une route empierr\u00e9e Lors de votre venue Sapins coup\u00e9s la veille du chargement, les sapins sont frais. Pas &hellip; <\/p>\n<p class=\"link-more\"><a href=\"https:\/\/www.sapinsnoelsaissac.fr\/\" class=\"more-link\">Read more<span class=\"screen-reader-text\"> &#8220;Sapins de No\u00ebl Nordmann \u00e0 Saissac (11310)&#8221;<\/span><\/a><\/p>\n","protected":false},"author":1,"featured_media":29,"parent":0,"menu_order":0,"comment_status":"closed","ping_status":"closed","template":"","meta":{"footnotes":""},"class_list":["post-6","page","type-page","status-publish","has-post-thumbnail","hentry"],"yoast_head":"<!-- This site is optimized with the Yoast SEO plugin v21.2 - https:\/\/yoast.com\/wordpress\/plugins\/seo\/ -->\n<title>Sapins de No\u00ebl Nordmann \u00e0 Saissac (11310) - Les sapins de No\u00ebl d&#039;En Salby<\/title>\n<meta name=\"robots\" content=\"index, follow, max-snippet:-1, max-image-preview:large, max-video-preview:-1\" \/>\n<link rel=\"canonical\" href=\"https:\/\/www.sapinsnoelsaissac.fr\/\" \/>\n<meta property=\"og:locale\" content=\"en_US\" \/>\n<meta property=\"og:type\" content=\"article\" \/>\n<meta property=\"og:title\" content=\"Sapins de No\u00ebl Nordmann \u00e0 Saissac (11310) - Les sapins de No\u00ebl d&#039;En Salby\" \/>\n<meta property=\"og:description\" content=\"Sapins de No\u00ebl Nordmann sur la commune de Saissac (11310) au lieu dit &#8220;En Salby&#8221; Sapins Nordmann Pas de d\u00e9sherbant, d\u00e9gagements manuels \u00e0 la d\u00e9broussailleuse Acc\u00e8s \u00e0 l&#8217;exploitation L&#8217;acc\u00e8s \u00e0 l&#8217;exploitation est facile pour tout v\u00e9hicule par une route empierr\u00e9e Lors de votre venue Sapins coup\u00e9s la veille du chargement, les sapins sont frais. Pas &hellip; Read more &quot;Sapins de No\u00ebl Nordmann \u00e0 Saissac (11310)&quot;\" \/>\n<meta property=\"og:url\" content=\"https:\/\/www.sapinsnoelsaissac.fr\/\" \/>\n<meta property=\"og:site_name\" content=\"Les sapins de No\u00ebl d&#039;En Salby\" \/>\n<meta property=\"article:modified_time\" content=\"2025-09-09T15:41:21+00:00\" \/>\n<meta property=\"og:image\" content=\"http:\/\/www.sapinsnoelsaissac.fr\/wp-content\/uploads\/2023\/09\/cropped-IMG_20230916_163359.jpg\" \/>\n\t<meta property=\"og:image:width\" content=\"2000\" \/>\n\t<meta property=\"og:image:height\" content=\"1493\" \/>\n\t<meta property=\"og:image:type\" content=\"image\/jpeg\" \/>\n<meta name=\"twitter:card\" content=\"summary_large_image\" \/>\n<meta name=\"twitter:label1\" content=\"Est. reading time\" \/>\n\t<meta name=\"twitter:data1\" content=\"2 minutes\" \/>\n<script type=\"application\/ld+json\" class=\"yoast-schema-graph\">{\"@context\":\"https:\/\/schema.org\",\"@graph\":[{\"@type\":\"WebPage\",\"@id\":\"https:\/\/www.sapinsnoelsaissac.fr\/\",\"url\":\"https:\/\/www.sapinsnoelsaissac.fr\/\",\"name\":\"Sapins de No\u00ebl Nordmann \u00e0 Saissac (11310) - Les sapins de No\u00ebl d&#039;En Salby\",\"isPartOf\":{\"@id\":\"https:\/\/www.sapinsnoelsaissac.fr\/#website\"},\"datePublished\":\"2023-09-19T20:17:42+00:00\",\"dateModified\":\"2025-09-09T15:41:21+00:00\",\"breadcrumb\":{\"@id\":\"https:\/\/www.sapinsnoelsaissac.fr\/#breadcrumb\"},\"inLanguage\":\"en-US\",\"potentialAction\":[{\"@type\":\"ReadAction\",\"target\":[\"https:\/\/www.sapinsnoelsaissac.fr\/\"]}]},{\"@type\":\"BreadcrumbList\",\"@id\":\"https:\/\/www.sapinsnoelsaissac.fr\/#breadcrumb\",\"itemListElement\":[{\"@type\":\"ListItem\",\"position\":1,\"name\":\"Accueil\",\"item\":\"https:\/\/www.sapinsnoelsaissac.fr\/\"},{\"@type\":\"ListItem\",\"position\":2,\"name\":\"Sapins de No\u00ebl Nordmann \u00e0 Saissac (11310)\"}]},{\"@type\":\"WebSite\",\"@id\":\"https:\/\/www.sapinsnoelsaissac.fr\/#website\",\"url\":\"https:\/\/www.sapinsnoelsaissac.fr\/\",\"name\":\"Les sapins de No\u00ebl d&#039;En Salby\",\"description\":\"Sapins de No\u00ebl Nordmann bio\",\"potentialAction\":[{\"@type\":\"SearchAction\",\"target\":{\"@type\":\"EntryPoint\",\"urlTemplate\":\"https:\/\/www.sapinsnoelsaissac.fr\/?s={search_term_string}\"},\"query-input\":\"required name=search_term_string\"}],\"inLanguage\":\"en-US\"}]}<\/script>\n<!-- \/ Yoast SEO plugin. -->","yoast_head_json":{"title":"Sapins de No\u00ebl Nordmann \u00e0 Saissac (11310) - Les sapins de No\u00ebl d&#039;En Salby","robots":{"index":"index","follow":"follow","max-snippet":"max-snippet:-1","max-image-preview":"max-image-preview:large","max-video-preview":"max-video-preview:-1"},"canonical":"https:\/\/www.sapinsnoelsaissac.fr\/","og_locale":"en_US","og_type":"article","og_title":"Sapins de No\u00ebl Nordmann \u00e0 Saissac (11310) - Les sapins de No\u00ebl d&#039;En Salby","og_description":"Sapins de No\u00ebl Nordmann sur la commune de Saissac (11310) au lieu dit &#8220;En Salby&#8221; Sapins Nordmann Pas de d\u00e9sherbant, d\u00e9gagements manuels \u00e0 la d\u00e9broussailleuse Acc\u00e8s \u00e0 l&#8217;exploitation L&#8217;acc\u00e8s \u00e0 l&#8217;exploitation est facile pour tout v\u00e9hicule par une route empierr\u00e9e Lors de votre venue Sapins coup\u00e9s la veille du chargement, les sapins sont frais. Pas &hellip; Read more \"Sapins de No\u00ebl Nordmann \u00e0 Saissac (11310)\"","og_url":"https:\/\/www.sapinsnoelsaissac.fr\/","og_site_name":"Les sapins de No\u00ebl d&#039;En Salby","article_modified_time":"2025-09-09T15:41:21+00:00","og_image":[{"width":2000,"height":1493,"url":"http:\/\/www.sapinsnoelsaissac.fr\/wp-content\/uploads\/2023\/09\/cropped-IMG_20230916_163359.jpg","type":"image\/jpeg"}],"twitter_card":"summary_large_image","twitter_misc":{"Est. reading time":"2 minutes"},"schema":{"@context":"https:\/\/schema.org","@graph":[{"@type":"WebPage","@id":"https:\/\/www.sapinsnoelsaissac.fr\/","url":"https:\/\/www.sapinsnoelsaissac.fr\/","name":"Sapins de No\u00ebl Nordmann \u00e0 Saissac (11310) - Les sapins de No\u00ebl d&#039;En Salby","isPartOf":{"@id":"https:\/\/www.sapinsnoelsaissac.fr\/#website"},"datePublished":"2023-09-19T20:17:42+00:00","dateModified":"2025-09-09T15:41:21+00:00","breadcrumb":{"@id":"https:\/\/www.sapinsnoelsaissac.fr\/#breadcrumb"},"inLanguage":"en-US","potentialAction":[{"@type":"ReadAction","target":["https:\/\/www.sapinsnoelsaissac.fr\/"]}]},{"@type":"BreadcrumbList","@id":"https:\/\/www.sapinsnoelsaissac.fr\/#breadcrumb","itemListElement":[{"@type":"ListItem","position":1,"name":"Accueil","item":"https:\/\/www.sapinsnoelsaissac.fr\/"},{"@type":"ListItem","position":2,"name":"Sapins de No\u00ebl Nordmann \u00e0 Saissac (11310)"}]},{"@type":"WebSite","@id":"https:\/\/www.sapinsnoelsaissac.fr\/#website","url":"https:\/\/www.sapinsnoelsaissac.fr\/","name":"Les sapins de No\u00ebl d&#039;En Salby","description":"Sapins de No\u00ebl Nordmann bio","potentialAction":[{"@type":"SearchAction","target":{"@type":"EntryPoint","urlTemplate":"https:\/\/www.sapinsnoelsaissac.fr\/?s={search_term_string}"},"query-input":"required name=search_term_string"}],"inLanguage":"en-US"}]}},"_links":{"self":[{"href":"https:\/\/www.sapinsnoelsaissac.fr\/index.php?rest_route=\/wp\/v2\/pages\/6","targetHints":{"allow":["GET"]}}],"collection":[{"href":"https:\/\/www.sapinsnoelsaissac.fr\/index.php?rest_route=\/wp\/v2\/pages"}],"about":[{"href":"https:\/\/www.sapinsnoelsaissac.fr\/index.php?rest_route=\/wp\/v2\/types\/page"}],"author":[{"embeddable":true,"href":"https:\/\/www.sapinsnoelsaissac.fr\/index.php?rest_route=\/wp\/v2\/users\/1"}],"replies":[{"embeddable":true,"href":"https:\/\/www.sapinsnoelsaissac.fr\/index.php?rest_route=%2Fwp%2Fv2%2Fcomments&post=6"}],"version-history":[{"count":10,"href":"https:\/\/www.sapinsnoelsaissac.fr\/index.php?rest_route=\/wp\/v2\/pages\/6\/revisions"}],"predecessor-version":[{"id":82,"href":"https:\/\/www.sapinsnoelsaissac.fr\/index.php?rest_route=\/wp\/v2\/pages\/6\/revisions\/82"}],"wp:featuredmedia":[{"embeddable":true,"href":"https:\/\/www.sapinsnoelsaissac.fr\/index.php?rest_route=\/wp\/v2\/media\/29"}],"wp:attachment":[{"href":"https:\/\/www.sapinsnoelsaissac.fr\/index.php?rest_route=%2Fwp%2Fv2%2Fmedia&parent=6"}],"curies":[{"name":"wp","href":"https:\/\/api.w.org\/{rel}","templated":true}]}}